{"id":17,"date":"2022-07-27T21:14:34","date_gmt":"2022-07-27T21:14:34","guid":{"rendered":"https:\/\/wordpress.gamora.ar\/?page_id=17"},"modified":"2022-08-18T12:48:17","modified_gmt":"2022-08-18T12:48:17","slug":"acerca-de","status":"publish","type":"page","link":"https:\/\/wordpress.gamora.ar\/?page_id=17","title":{"rendered":"Buenas Pr\u00e1cticas"},"content":{"rendered":"\t\t<div data-elementor-type=\"wp-page\" data-elementor-id=\"17\" class=\"elementor elementor-17\">\n\t\t\t\t\t\t<section class=\"elementor-section elementor-top-section elementor-element elementor-element-3f3047bc elementor-section-content-middle elementor-section-boxed elementor-section-height-default elementor-section-height-default\" data-id=\"3f3047bc\" data-element_type=\"section\">\n\t\t\t\t\t\t<div class=\"elementor-container elementor-column-gap-no\">\n\t\t\t\t\t<div class=\"elementor-column elementor-col-100 elementor-top-column elementor-element elementor-element-6f2bfc58\" data-id=\"6f2bfc58\" data-element_type=\"column\">\n\t\t\t<div class=\"elementor-widget-wrap elementor-element-populated\">\n\t\t\t\t\t\t<div class=\"elementor-element elementor-element-2e32e6b9 elementor-widget elementor-widget-heading\" data-id=\"2e32e6b9\" data-element_type=\"widget\" data-widget_type=\"heading.default\">\n\t\t\t\t<div class=\"elementor-widget-container\">\n\t\t\t<style>\/*! elementor - v3.21.0 - 18-04-2024 *\/\n.elementor-heading-title{padding:0;margin:0;line-height:1}.elementor-widget-heading .elementor-heading-title[class*=elementor-size-]>a{color:inherit;font-size:inherit;line-height:inherit}.elementor-widget-heading .elementor-heading-title.elementor-size-small{font-size:15px}.elementor-widget-heading .elementor-heading-title.elementor-size-medium{font-size:19px}.elementor-widget-heading .elementor-heading-title.elementor-size-large{font-size:29px}.elementor-widget-heading .elementor-heading-title.elementor-size-xl{font-size:39px}.elementor-widget-heading .elementor-heading-title.elementor-size-xxl{font-size:59px}<\/style><h4 class=\"elementor-heading-title elementor-size-default\">Forma parte de una comunidad dise\u00f1ada para compensar<\/h4>\t\t<\/div>\n\t\t\t\t<\/div>\n\t\t\t\t<section class=\"elementor-section elementor-inner-section elementor-element elementor-element-e19cc96 elementor-section-content-middle elementor-section-boxed elementor-section-height-default elementor-section-height-default\" data-id=\"e19cc96\" data-element_type=\"section\">\n\t\t\t\t\t\t<div class=\"elementor-container elementor-column-gap-default\">\n\t\t\t\t\t<div class=\"elementor-column elementor-col-50 elementor-inner-column elementor-element elementor-element-2f707ac0\" data-id=\"2f707ac0\" data-element_type=\"column\">\n\t\t\t<div class=\"elementor-widget-wrap elementor-element-populated\">\n\t\t\t\t\t\t<div class=\"elementor-element elementor-element-d29b8e8 elementor-invisible elementor-widget elementor-widget-image\" data-id=\"d29b8e8\" data-element_type=\"widget\" data-settings=\"{&quot;_animation&quot;:&quot;rollIn&quot;}\" data-widget_type=\"image.default\">\n\t\t\t\t<div class=\"elementor-widget-container\">\n\t\t\t<style>\/*! elementor - v3.21.0 - 18-04-2024 *\/\n.elementor-widget-image{text-align:center}.elementor-widget-image a{display:inline-block}.elementor-widget-image a img[src$=\".svg\"]{width:48px}.elementor-widget-image img{vertical-align:middle;display:inline-block}<\/style>\t\t\t\t\t\t\t\t\t\t<img decoding=\"async\" width=\"220\" height=\"190\" src=\"https:\/\/wordpress.gamora.ar\/wp-content\/uploads\/2022\/08\/istockphoto-480018164-612x612-removebg-preview-220x190.png\" class=\"attachment-bizberg_blog_list_no_sidebar_1 size-bizberg_blog_list_no_sidebar_1 wp-image-1190\" alt=\"\" \/>\t\t\t\t\t\t\t\t\t\t\t\t\t<\/div>\n\t\t\t\t<\/div>\n\t\t\t\t<div class=\"elementor-element elementor-element-b7840ea elementor-widget elementor-widget-text-editor\" data-id=\"b7840ea\" data-element_type=\"widget\" data-widget_type=\"text-editor.default\">\n\t\t\t\t<div class=\"elementor-widget-container\">\n\t\t\t<style>\/*! elementor - v3.21.0 - 18-04-2024 *\/\n.elementor-widget-text-editor.elementor-drop-cap-view-stacked .elementor-drop-cap{background-color:#69727d;color:#fff}.elementor-widget-text-editor.elementor-drop-cap-view-framed .elementor-drop-cap{color:#69727d;border:3px solid;background-color:transparent}.elementor-widget-text-editor:not(.elementor-drop-cap-view-default) .elementor-drop-cap{margin-top:8px}.elementor-widget-text-editor:not(.elementor-drop-cap-view-default) .elementor-drop-cap-letter{width:1em;height:1em}.elementor-widget-text-editor .elementor-drop-cap{float:left;text-align:center;line-height:1;font-size:50px}.elementor-widget-text-editor .elementor-drop-cap-letter{display:inline-block}<\/style>\t\t\t\t<p>Cambio clim\u00e1tico<\/p>\t\t\t\t\t\t<\/div>\n\t\t\t\t<\/div>\n\t\t\t\t<div class=\"elementor-element elementor-element-66c78f4 elementor-widget elementor-widget-text-editor\" data-id=\"66c78f4\" data-element_type=\"widget\" data-widget_type=\"text-editor.default\">\n\t\t\t\t<div class=\"elementor-widget-container\">\n\t\t\t\t\t\t\t<p style=\"background: white;\"><span lang=\"ES-AR\" style=\"font-family: 'Helvetica','sans-serif'; color: #454545; letter-spacing: -.25pt;\">El cambio clim\u00e1tico se refiere a los cambios a largo plazo de las temperaturas y los patrones clim\u00e1ticos. Estos cambios pueden ser naturales, por ejemplo, a trav\u00e9s de las variaciones del ciclo solar. Pero desde el siglo XIX, las actividades humanas han sido el principal motor del cambio clim\u00e1tico, debido principalmente a la quema de combustibles f\u00f3siles como el carb\u00f3n, el petr\u00f3leo y el gas.<\/span><\/p>\t\t\t\t\t\t<\/div>\n\t\t\t\t<\/div>\n\t\t\t\t\t<\/div>\n\t\t<\/div>\n\t\t\t\t<div class=\"elementor-column elementor-col-50 elementor-inner-column elementor-element elementor-element-3326a619\" data-id=\"3326a619\" data-element_type=\"column\">\n\t\t\t<div class=\"elementor-widget-wrap elementor-element-populated\">\n\t\t\t\t\t\t<div class=\"elementor-element elementor-element-d1387d9 elementor-invisible elementor-widget elementor-widget-image\" data-id=\"d1387d9\" data-element_type=\"widget\" data-settings=\"{&quot;_animation&quot;:&quot;rollIn&quot;}\" data-widget_type=\"image.default\">\n\t\t\t\t<div class=\"elementor-widget-container\">\n\t\t\t\t\t\t\t\t\t\t\t\t\t<img decoding=\"async\" width=\"220\" height=\"190\" src=\"https:\/\/wordpress.gamora.ar\/wp-content\/uploads\/2022\/08\/istockphoto-1075602832-612x612-removebg-preview-220x190.png\" class=\"attachment-bizberg_blog_list_no_sidebar_1 size-bizberg_blog_list_no_sidebar_1 wp-image-1191\" alt=\"\" \/>\t\t\t\t\t\t\t\t\t\t\t\t\t<\/div>\n\t\t\t\t<\/div>\n\t\t\t\t<div class=\"elementor-element elementor-element-56c569e elementor-widget elementor-widget-text-editor\" data-id=\"56c569e\" data-element_type=\"widget\" data-widget_type=\"text-editor.default\">\n\t\t\t\t<div class=\"elementor-widget-container\">\n\t\t\t\t\t\t\t<p>Huella de Carbono<\/p>\t\t\t\t\t\t<\/div>\n\t\t\t\t<\/div>\n\t\t\t\t<div class=\"elementor-element elementor-element-c99d1c6 elementor-widget elementor-widget-text-editor\" data-id=\"c99d1c6\" data-element_type=\"widget\" data-widget_type=\"text-editor.default\">\n\t\t\t\t<div class=\"elementor-widget-container\">\n\t\t\t\t\t\t\t<p>La Huella de Carbono (HC) es un instrumento que permite estimar las emisiones de gases efecto invernadero (GEI), liberadas a la atm\u00f3sfera por los consumos directos e indirectos de materiales y energ\u00eda, por un individuo, organizaci\u00f3n, evento o producto (UK Carbon Trust), traducidos en\u00a0<strong>emisiones de CO\u2082 equivalente<\/strong>.<\/p>\t\t\t\t\t\t<\/div>\n\t\t\t\t<\/div>\n\t\t\t\t\t<\/div>\n\t\t<\/div>\n\t\t\t\t\t<\/div>\n\t\t<\/section>\n\t\t\t\t\t<\/div>\n\t\t<\/div>\n\t\t\t\t\t<\/div>\n\t\t<\/section>\n\t\t\t\t<section class=\"elementor-section elementor-top-section elementor-element elementor-element-b02b196 elementor-section-boxed elementor-section-height-default elementor-section-height-default\" data-id=\"b02b196\" data-element_type=\"section\">\n\t\t\t\t\t\t<div class=\"elementor-container elementor-column-gap-default\">\n\t\t\t\t\t<div class=\"elementor-column elementor-col-100 elementor-top-column elementor-element elementor-element-784e1dd\" data-id=\"784e1dd\" data-element_type=\"column\">\n\t\t\t<div class=\"elementor-widget-wrap elementor-element-populated\">\n\t\t\t\t\t\t<div class=\"elementor-element elementor-element-5124d93 elementor-widget elementor-widget-heading\" data-id=\"5124d93\" data-element_type=\"widget\" data-widget_type=\"heading.default\">\n\t\t\t\t<div class=\"elementor-widget-container\">\n\t\t\t<h2 class=\"elementor-heading-title elementor-size-default\">Generar  el compromiso a trav\u00e9s de las buenas pr\u00e1cticas en el sector ganadero<\/h2>\t\t<\/div>\n\t\t\t\t<\/div>\n\t\t\t\t\t<\/div>\n\t\t<\/div>\n\t\t\t\t\t<\/div>\n\t\t<\/section>\n\t\t\t\t<section class=\"elementor-section elementor-top-section elementor-element elementor-element-e7e42e2 elementor-section-boxed elementor-section-height-default elementor-section-height-default\" data-id=\"e7e42e2\" data-element_type=\"section\">\n\t\t\t\t\t\t<div class=\"elementor-container elementor-column-gap-default\">\n\t\t\t\t\t<div class=\"elementor-column elementor-col-25 elementor-top-column elementor-element elementor-element-3d4d013\" data-id=\"3d4d013\" data-element_type=\"column\">\n\t\t\t<div class=\"elementor-widget-wrap elementor-element-populated\">\n\t\t\t\t\t\t<div class=\"elementor-element elementor-element-0ccd463 elementor-widget elementor-widget-image\" data-id=\"0ccd463\" data-element_type=\"widget\" data-widget_type=\"image.default\">\n\t\t\t\t<div class=\"elementor-widget-container\">\n\t\t\t\t\t\t\t\t\t\t<figure class=\"wp-caption\">\n\t\t\t\t\t\t\t\t\t\t<img decoding=\"async\" width=\"150\" height=\"150\" src=\"https:\/\/wordpress.gamora.ar\/wp-content\/uploads\/2022\/08\/istockphoto-1387462265-612x612-1-150x150.jpg\" class=\"attachment-thumbnail size-thumbnail wp-image-870\" alt=\"\" srcset=\"https:\/\/wordpress.gamora.ar\/wp-content\/uploads\/2022\/08\/istockphoto-1387462265-612x612-1-150x150.jpg 150w, https:\/\/wordpress.gamora.ar\/wp-content\/uploads\/2022\/08\/istockphoto-1387462265-612x612-1-300x300.jpg 300w, https:\/\/wordpress.gamora.ar\/wp-content\/uploads\/2022\/08\/elementor\/thumbs\/istockphoto-1387462265-612x612-1-pt0j917vv7r6sdw73v7kqpcq6cwm0nprszu1uoy2bg.jpg 70w, https:\/\/wordpress.gamora.ar\/wp-content\/uploads\/2022\/08\/istockphoto-1387462265-612x612-1.jpg 612w\" sizes=\"(max-width: 150px) 100vw, 150px\" \/>\t\t\t\t\t\t\t\t\t\t\t<figcaption class=\"widget-image-caption wp-caption-text\">Prevenir las enfermedades animales para garantizar vidas saludables<\/figcaption>\n\t\t\t\t\t\t\t\t\t\t<\/figure>\n\t\t\t\t\t\t\t<\/div>\n\t\t\t\t<\/div>\n\t\t\t\t\t<\/div>\n\t\t<\/div>\n\t\t\t\t<div class=\"elementor-column elementor-col-25 elementor-top-column elementor-element elementor-element-ccfce62\" data-id=\"ccfce62\" data-element_type=\"column\">\n\t\t\t<div class=\"elementor-widget-wrap elementor-element-populated\">\n\t\t\t\t\t\t<div class=\"elementor-element elementor-element-1dfa99b elementor-widget elementor-widget-image\" data-id=\"1dfa99b\" data-element_type=\"widget\" data-widget_type=\"image.default\">\n\t\t\t\t<div class=\"elementor-widget-container\">\n\t\t\t\t\t\t\t\t\t\t<figure class=\"wp-caption\">\n\t\t\t\t\t\t\t\t\t\t<img loading=\"lazy\" decoding=\"async\" width=\"150\" height=\"150\" src=\"https:\/\/wordpress.gamora.ar\/wp-content\/uploads\/2022\/08\/istockphoto-950309742-612x612-removebg-preview-150x150.png\" class=\"attachment-thumbnail size-thumbnail wp-image-951\" alt=\"\" srcset=\"https:\/\/wordpress.gamora.ar\/wp-content\/uploads\/2022\/08\/istockphoto-950309742-612x612-removebg-preview-150x150.png 150w, https:\/\/wordpress.gamora.ar\/wp-content\/uploads\/2022\/08\/istockphoto-950309742-612x612-removebg-preview-300x300.png 300w, https:\/\/wordpress.gamora.ar\/wp-content\/uploads\/2022\/08\/elementor\/thumbs\/istockphoto-950309742-612x612-removebg-preview-pt2aduyxbu0thkw8495lwyv0x1n72vu8l14q85izzi.png 75w, https:\/\/wordpress.gamora.ar\/wp-content\/uploads\/2022\/08\/istockphoto-950309742-612x612-removebg-preview.png 500w\" sizes=\"(max-width: 150px) 100vw, 150px\" \/>\t\t\t\t\t\t\t\t\t\t\t<figcaption class=\"widget-image-caption wp-caption-text\">Convertir el estiercol en energ\u00eda limpia y renovable<\/figcaption>\n\t\t\t\t\t\t\t\t\t\t<\/figure>\n\t\t\t\t\t\t\t<\/div>\n\t\t\t\t<\/div>\n\t\t\t\t\t<\/div>\n\t\t<\/div>\n\t\t\t\t<div class=\"elementor-column elementor-col-25 elementor-top-column elementor-element elementor-element-3fa1ad9\" data-id=\"3fa1ad9\" data-element_type=\"column\">\n\t\t\t<div class=\"elementor-widget-wrap elementor-element-populated\">\n\t\t\t\t\t\t<div class=\"elementor-element elementor-element-710dfe2 elementor-widget elementor-widget-image\" data-id=\"710dfe2\" data-element_type=\"widget\" data-widget_type=\"image.default\">\n\t\t\t\t<div class=\"elementor-widget-container\">\n\t\t\t\t\t\t\t\t\t\t<figure class=\"wp-caption\">\n\t\t\t\t\t\t\t\t\t\t<img loading=\"lazy\" decoding=\"async\" width=\"150\" height=\"150\" src=\"https:\/\/wordpress.gamora.ar\/wp-content\/uploads\/2022\/08\/istockphoto-1196104986-612x612-1-150x150.jpg\" class=\"attachment-thumbnail size-thumbnail wp-image-1252\" alt=\"\" srcset=\"https:\/\/wordpress.gamora.ar\/wp-content\/uploads\/2022\/08\/istockphoto-1196104986-612x612-1-150x150.jpg 150w, https:\/\/wordpress.gamora.ar\/wp-content\/uploads\/2022\/08\/istockphoto-1196104986-612x612-1-300x300.jpg 300w, https:\/\/wordpress.gamora.ar\/wp-content\/uploads\/2022\/08\/istockphoto-1196104986-612x612-1.jpg 612w\" sizes=\"(max-width: 150px) 100vw, 150px\" \/>\t\t\t\t\t\t\t\t\t\t\t<figcaption class=\"widget-image-caption wp-caption-text\">Incrementar el uso eficiente del agua en la producci\u00f3n pecuaria para hacer frente a la escasez h\u00eddrica<\/figcaption>\n\t\t\t\t\t\t\t\t\t\t<\/figure>\n\t\t\t\t\t\t\t<\/div>\n\t\t\t\t<\/div>\n\t\t\t\t\t<\/div>\n\t\t<\/div>\n\t\t\t\t<div class=\"elementor-column elementor-col-25 elementor-top-column elementor-element elementor-element-77a37d0\" data-id=\"77a37d0\" data-element_type=\"column\">\n\t\t\t<div class=\"elementor-widget-wrap elementor-element-populated\">\n\t\t\t\t\t\t<div class=\"elementor-element elementor-element-8063669 elementor-widget elementor-widget-image\" data-id=\"8063669\" data-element_type=\"widget\" data-widget_type=\"image.default\">\n\t\t\t\t<div class=\"elementor-widget-container\">\n\t\t\t\t\t\t\t\t\t\t<figure class=\"wp-caption\">\n\t\t\t\t\t\t\t\t\t\t<img loading=\"lazy\" decoding=\"async\" width=\"150\" height=\"150\" src=\"https:\/\/wordpress.gamora.ar\/wp-content\/uploads\/2022\/08\/istockphoto-1194993324-612x612-1-150x150.jpg\" class=\"attachment-thumbnail size-thumbnail wp-image-959\" alt=\"\" srcset=\"https:\/\/wordpress.gamora.ar\/wp-content\/uploads\/2022\/08\/istockphoto-1194993324-612x612-1-150x150.jpg 150w, https:\/\/wordpress.gamora.ar\/wp-content\/uploads\/2022\/08\/istockphoto-1194993324-612x612-1-300x300.jpg 300w, https:\/\/wordpress.gamora.ar\/wp-content\/uploads\/2022\/08\/elementor\/thumbs\/istockphoto-1194993324-612x612-1-pt2b36qdexr4qfp5i985zru82xlnjp833spgfhg9bw.jpg 70w, https:\/\/wordpress.gamora.ar\/wp-content\/uploads\/2022\/08\/istockphoto-1194993324-612x612-1.jpg 612w\" sizes=\"(max-width: 150px) 100vw, 150px\" \/>\t\t\t\t\t\t\t\t\t\t\t<figcaption class=\"widget-image-caption wp-caption-text\">Combatir el cambio clim\u00e1tico y sus efectos mejorando la eficiencia en el uso de recursos<\/figcaption>\n\t\t\t\t\t\t\t\t\t\t<\/figure>\n\t\t\t\t\t\t\t<\/div>\n\t\t\t\t<\/div>\n\t\t\t\t\t<\/div>\n\t\t<\/div>\n\t\t\t\t\t<\/div>\n\t\t<\/section>\n\t\t\t\t<\/div>\n\t\t","protected":false},"excerpt":{"rendered":"<p>Forma parte de una comunidad dise\u00f1ada para compensar Cambio clim\u00e1tico El cambio clim\u00e1tico se refiere a los cambios a largo plazo de las temperaturas y los patrones clim\u00e1ticos. Estos cambios pueden ser naturales, por ejemplo, a trav\u00e9s de las variaciones del ciclo solar. Pero desde el siglo XIX, las actividades humanas han sido el principal motor del cambio clim\u00e1tico, debido [&hellip;]<\/p>\n","protected":false},"author":1,"featured_media":0,"parent":0,"menu_order":0,"comment_status":"closed","ping_status":"closed","template":"","meta":{"footnotes":""},"class_list":["post-17","page","type-page","status-publish","hentry"],"yoast_head":"<!-- This site is optimized with the Yoast SEO plugin v26.2 - https:\/\/yoast.com\/wordpress\/plugins\/seo\/ -->\n<title>Buenas Pr\u00e1cticas - Owl track<\/title>\n<meta name=\"robots\" content=\"index, follow, max-snippet:-1, max-image-preview:large, max-video-preview:-1\" \/>\n<link rel=\"canonical\" href=\"https:\/\/wordpress.gamora.ar\/?page_id=17\" \/>\n<meta property=\"og:locale\" content=\"es_ES\" \/>\n<meta property=\"og:type\" content=\"article\" \/>\n<meta property=\"og:title\" content=\"Buenas Pr\u00e1cticas - Owl track\" \/>\n<meta property=\"og:description\" content=\"Forma parte de una comunidad dise\u00f1ada para compensar Cambio clim\u00e1tico El cambio clim\u00e1tico se refiere a los cambios a largo plazo de las temperaturas y los patrones clim\u00e1ticos. Estos cambios pueden ser naturales, por ejemplo, a trav\u00e9s de las variaciones del ciclo solar. Pero desde el siglo XIX, las actividades humanas han sido el principal motor del cambio clim\u00e1tico, debido [&hellip;]\" \/>\n<meta property=\"og:url\" content=\"https:\/\/wordpress.gamora.ar\/?page_id=17\" \/>\n<meta property=\"og:site_name\" content=\"Owl track\" \/>\n<meta property=\"article:modified_time\" content=\"2022-08-18T12:48:17+00:00\" \/>\n<meta property=\"og:image\" content=\"https:\/\/wordpress.gamora.ar\/wp-content\/uploads\/2022\/08\/istockphoto-480018164-612x612-removebg-preview-220x190.png\" \/>\n<meta name=\"twitter:card\" content=\"summary_large_image\" \/>\n<meta name=\"twitter:label1\" content=\"Tiempo de lectura\" \/>\n\t<meta name=\"twitter:data1\" content=\"3 minutos\" \/>\n<script type=\"application\/ld+json\" class=\"yoast-schema-graph\">{\"@context\":\"https:\/\/schema.org\",\"@graph\":[{\"@type\":\"WebPage\",\"@id\":\"https:\/\/wordpress.gamora.ar\/?page_id=17\",\"url\":\"https:\/\/wordpress.gamora.ar\/?page_id=17\",\"name\":\"Buenas Pr\u00e1cticas - Owl track\",\"isPartOf\":{\"@id\":\"https:\/\/wordpress.gamora.ar\/#website\"},\"primaryImageOfPage\":{\"@id\":\"https:\/\/wordpress.gamora.ar\/?page_id=17#primaryimage\"},\"image\":{\"@id\":\"https:\/\/wordpress.gamora.ar\/?page_id=17#primaryimage\"},\"thumbnailUrl\":\"https:\/\/wordpress.gamora.ar\/wp-content\/uploads\/2022\/08\/istockphoto-480018164-612x612-removebg-preview-220x190.png\",\"datePublished\":\"2022-07-27T21:14:34+00:00\",\"dateModified\":\"2022-08-18T12:48:17+00:00\",\"breadcrumb\":{\"@id\":\"https:\/\/wordpress.gamora.ar\/?page_id=17#breadcrumb\"},\"inLanguage\":\"es-AR\",\"potentialAction\":[{\"@type\":\"ReadAction\",\"target\":[\"https:\/\/wordpress.gamora.ar\/?page_id=17\"]}]},{\"@type\":\"ImageObject\",\"inLanguage\":\"es-AR\",\"@id\":\"https:\/\/wordpress.gamora.ar\/?page_id=17#primaryimage\",\"url\":\"https:\/\/wordpress.gamora.ar\/wp-content\/uploads\/2022\/08\/istockphoto-480018164-612x612-removebg-preview.png\",\"contentUrl\":\"https:\/\/wordpress.gamora.ar\/wp-content\/uploads\/2022\/08\/istockphoto-480018164-612x612-removebg-preview.png\",\"width\":612,\"height\":403},{\"@type\":\"BreadcrumbList\",\"@id\":\"https:\/\/wordpress.gamora.ar\/?page_id=17#breadcrumb\",\"itemListElement\":[{\"@type\":\"ListItem\",\"position\":1,\"name\":\"Inicio\",\"item\":\"https:\/\/wordpress.gamora.ar\/\"},{\"@type\":\"ListItem\",\"position\":2,\"name\":\"Buenas Pr\u00e1cticas\"}]},{\"@type\":\"WebSite\",\"@id\":\"https:\/\/wordpress.gamora.ar\/#website\",\"url\":\"https:\/\/wordpress.gamora.ar\/\",\"name\":\"Owl track\",\"description\":\"\",\"publisher\":{\"@id\":\"https:\/\/wordpress.gamora.ar\/#organization\"},\"potentialAction\":[{\"@type\":\"SearchAction\",\"target\":{\"@type\":\"EntryPoint\",\"urlTemplate\":\"https:\/\/wordpress.gamora.ar\/?s={search_term_string}\"},\"query-input\":{\"@type\":\"PropertyValueSpecification\",\"valueRequired\":true,\"valueName\":\"search_term_string\"}}],\"inLanguage\":\"es-AR\"},{\"@type\":\"Organization\",\"@id\":\"https:\/\/wordpress.gamora.ar\/#organization\",\"name\":\"Owl track\",\"url\":\"https:\/\/wordpress.gamora.ar\/\",\"logo\":{\"@type\":\"ImageObject\",\"inLanguage\":\"es-AR\",\"@id\":\"https:\/\/wordpress.gamora.ar\/#\/schema\/logo\/image\/\",\"url\":\"https:\/\/wordpress.gamora.ar\/wp-content\/uploads\/2022\/08\/cropped-cropped-1670-582-max.png\",\"contentUrl\":\"https:\/\/wordpress.gamora.ar\/wp-content\/uploads\/2022\/08\/cropped-cropped-1670-582-max.png\",\"width\":582,\"height\":582,\"caption\":\"Owl track\"},\"image\":{\"@id\":\"https:\/\/wordpress.gamora.ar\/#\/schema\/logo\/image\/\"}}]}<\/script>\n<!-- \/ Yoast SEO plugin. -->","yoast_head_json":{"title":"Buenas Pr\u00e1cticas - Owl track","robots":{"index":"index","follow":"follow","max-snippet":"max-snippet:-1","max-image-preview":"max-image-preview:large","max-video-preview":"max-video-preview:-1"},"canonical":"https:\/\/wordpress.gamora.ar\/?page_id=17","og_locale":"es_ES","og_type":"article","og_title":"Buenas Pr\u00e1cticas - Owl track","og_description":"Forma parte de una comunidad dise\u00f1ada para compensar Cambio clim\u00e1tico El cambio clim\u00e1tico se refiere a los cambios a largo plazo de las temperaturas y los patrones clim\u00e1ticos. Estos cambios pueden ser naturales, por ejemplo, a trav\u00e9s de las variaciones del ciclo solar. Pero desde el siglo XIX, las actividades humanas han sido el principal motor del cambio clim\u00e1tico, debido [&hellip;]","og_url":"https:\/\/wordpress.gamora.ar\/?page_id=17","og_site_name":"Owl track","article_modified_time":"2022-08-18T12:48:17+00:00","og_image":[{"url":"https:\/\/wordpress.gamora.ar\/wp-content\/uploads\/2022\/08\/istockphoto-480018164-612x612-removebg-preview-220x190.png","type":"","width":"","height":""}],"twitter_card":"summary_large_image","twitter_misc":{"Tiempo de lectura":"3 minutos"},"schema":{"@context":"https:\/\/schema.org","@graph":[{"@type":"WebPage","@id":"https:\/\/wordpress.gamora.ar\/?page_id=17","url":"https:\/\/wordpress.gamora.ar\/?page_id=17","name":"Buenas Pr\u00e1cticas - Owl track","isPartOf":{"@id":"https:\/\/wordpress.gamora.ar\/#website"},"primaryImageOfPage":{"@id":"https:\/\/wordpress.gamora.ar\/?page_id=17#primaryimage"},"image":{"@id":"https:\/\/wordpress.gamora.ar\/?page_id=17#primaryimage"},"thumbnailUrl":"https:\/\/wordpress.gamora.ar\/wp-content\/uploads\/2022\/08\/istockphoto-480018164-612x612-removebg-preview-220x190.png","datePublished":"2022-07-27T21:14:34+00:00","dateModified":"2022-08-18T12:48:17+00:00","breadcrumb":{"@id":"https:\/\/wordpress.gamora.ar\/?page_id=17#breadcrumb"},"inLanguage":"es-AR","potentialAction":[{"@type":"ReadAction","target":["https:\/\/wordpress.gamora.ar\/?page_id=17"]}]},{"@type":"ImageObject","inLanguage":"es-AR","@id":"https:\/\/wordpress.gamora.ar\/?page_id=17#primaryimage","url":"https:\/\/wordpress.gamora.ar\/wp-content\/uploads\/2022\/08\/istockphoto-480018164-612x612-removebg-preview.png","contentUrl":"https:\/\/wordpress.gamora.ar\/wp-content\/uploads\/2022\/08\/istockphoto-480018164-612x612-removebg-preview.png","width":612,"height":403},{"@type":"BreadcrumbList","@id":"https:\/\/wordpress.gamora.ar\/?page_id=17#breadcrumb","itemListElement":[{"@type":"ListItem","position":1,"name":"Inicio","item":"https:\/\/wordpress.gamora.ar\/"},{"@type":"ListItem","position":2,"name":"Buenas Pr\u00e1cticas"}]},{"@type":"WebSite","@id":"https:\/\/wordpress.gamora.ar\/#website","url":"https:\/\/wordpress.gamora.ar\/","name":"Owl track","description":"","publisher":{"@id":"https:\/\/wordpress.gamora.ar\/#organization"},"potentialAction":[{"@type":"SearchAction","target":{"@type":"EntryPoint","urlTemplate":"https:\/\/wordpress.gamora.ar\/?s={search_term_string}"},"query-input":{"@type":"PropertyValueSpecification","valueRequired":true,"valueName":"search_term_string"}}],"inLanguage":"es-AR"},{"@type":"Organization","@id":"https:\/\/wordpress.gamora.ar\/#organization","name":"Owl track","url":"https:\/\/wordpress.gamora.ar\/","logo":{"@type":"ImageObject","inLanguage":"es-AR","@id":"https:\/\/wordpress.gamora.ar\/#\/schema\/logo\/image\/","url":"https:\/\/wordpress.gamora.ar\/wp-content\/uploads\/2022\/08\/cropped-cropped-1670-582-max.png","contentUrl":"https:\/\/wordpress.gamora.ar\/wp-content\/uploads\/2022\/08\/cropped-cropped-1670-582-max.png","width":582,"height":582,"caption":"Owl track"},"image":{"@id":"https:\/\/wordpress.gamora.ar\/#\/schema\/logo\/image\/"}}]}},"_links":{"self":[{"href":"https:\/\/wordpress.gamora.ar\/index.php?rest_route=\/wp\/v2\/pages\/17","targetHints":{"allow":["GET"]}}],"collection":[{"href":"https:\/\/wordpress.gamora.ar\/index.php?rest_route=\/wp\/v2\/pages"}],"about":[{"href":"https:\/\/wordpress.gamora.ar\/index.php?rest_route=\/wp\/v2\/types\/page"}],"author":[{"embeddable":true,"href":"https:\/\/wordpress.gamora.ar\/index.php?rest_route=\/wp\/v2\/users\/1"}],"replies":[{"embeddable":true,"href":"https:\/\/wordpress.gamora.ar\/index.php?rest_route=%2Fwp%2Fv2%2Fcomments&post=17"}],"version-history":[{"count":96,"href":"https:\/\/wordpress.gamora.ar\/index.php?rest_route=\/wp\/v2\/pages\/17\/revisions"}],"predecessor-version":[{"id":1261,"href":"https:\/\/wordpress.gamora.ar\/index.php?rest_route=\/wp\/v2\/pages\/17\/revisions\/1261"}],"wp:attachment":[{"href":"https:\/\/wordpress.gamora.ar\/index.php?rest_route=%2Fwp%2Fv2%2Fmedia&parent=17"}],"curies":[{"name":"wp","href":"https:\/\/api.w.org\/{rel}","templated":true}]}}