{"id":19,"date":"2022-07-27T21:14:34","date_gmt":"2022-07-27T21:14:34","guid":{"rendered":"https:\/\/wordpress.gamora.ar\/?page_id=19"},"modified":"2022-08-11T15:32:18","modified_gmt":"2022-08-11T15:32:18","slug":"blog","status":"publish","type":"page","link":"https:\/\/wordpress.gamora.ar\/?page_id=19","title":{"rendered":"Noticias"},"content":{"rendered":"\t\t<div data-elementor-type=\"wp-page\" data-elementor-id=\"19\" class=\"elementor elementor-19\">\n\t\t\t\t\t\t<section class=\"elementor-section elementor-top-section elementor-element elementor-element-c2609d0 elementor-section-boxed elementor-section-height-default elementor-section-height-default\" data-id=\"c2609d0\" data-element_type=\"section\">\n\t\t\t\t\t\t<div class=\"elementor-container elementor-column-gap-default\">\n\t\t\t\t\t<div class=\"elementor-column elementor-col-50 elementor-top-column elementor-element elementor-element-160603e\" data-id=\"160603e\" data-element_type=\"column\">\n\t\t\t<div class=\"elementor-widget-wrap elementor-element-populated\">\n\t\t\t\t\t\t<div class=\"elementor-element elementor-element-0c259dc elementor-widget elementor-widget-heading\" data-id=\"0c259dc\" data-element_type=\"widget\" data-widget_type=\"heading.default\">\n\t\t\t\t<div class=\"elementor-widget-container\">\n\t\t\t<style>\/*! elementor - v3.21.0 - 18-04-2024 *\/\n.elementor-heading-title{padding:0;margin:0;line-height:1}.elementor-widget-heading .elementor-heading-title[class*=elementor-size-]>a{color:inherit;font-size:inherit;line-height:inherit}.elementor-widget-heading .elementor-heading-title.elementor-size-small{font-size:15px}.elementor-widget-heading .elementor-heading-title.elementor-size-medium{font-size:19px}.elementor-widget-heading .elementor-heading-title.elementor-size-large{font-size:29px}.elementor-widget-heading .elementor-heading-title.elementor-size-xl{font-size:39px}.elementor-widget-heading .elementor-heading-title.elementor-size-xxl{font-size:59px}<\/style><h4 class=\"elementor-heading-title elementor-size-default\">Owl Track comienza!.<\/h4>\t\t<\/div>\n\t\t\t\t<\/div>\n\t\t\t\t\t<\/div>\n\t\t<\/div>\n\t\t\t\t<div class=\"elementor-column elementor-col-50 elementor-top-column elementor-element elementor-element-0fffa9b\" data-id=\"0fffa9b\" data-element_type=\"column\">\n\t\t\t<div class=\"elementor-widget-wrap elementor-element-populated\">\n\t\t\t\t\t\t<div class=\"elementor-element elementor-element-45408d6 elementor-widget elementor-widget-image\" data-id=\"45408d6\" data-element_type=\"widget\" data-widget_type=\"image.default\">\n\t\t\t\t<div class=\"elementor-widget-container\">\n\t\t\t<style>\/*! elementor - v3.21.0 - 18-04-2024 *\/\n.elementor-widget-image{text-align:center}.elementor-widget-image a{display:inline-block}.elementor-widget-image a img[src$=\".svg\"]{width:48px}.elementor-widget-image img{vertical-align:middle;display:inline-block}<\/style>\t\t\t\t\t\t\t\t\t\t<img fetchpriority=\"high\" decoding=\"async\" width=\"640\" height=\"360\" src=\"https:\/\/wordpress.gamora.ar\/wp-content\/uploads\/2022\/08\/La_quimica_de_los_fuegos_artificiales-1280x720ssssss-1024x576.jpg\" class=\"attachment-large size-large wp-image-547\" alt=\"\" srcset=\"https:\/\/wordpress.gamora.ar\/wp-content\/uploads\/2022\/08\/La_quimica_de_los_fuegos_artificiales-1280x720ssssss-1024x576.jpg 1024w, https:\/\/wordpress.gamora.ar\/wp-content\/uploads\/2022\/08\/La_quimica_de_los_fuegos_artificiales-1280x720ssssss-300x169.jpg 300w, https:\/\/wordpress.gamora.ar\/wp-content\/uploads\/2022\/08\/La_quimica_de_los_fuegos_artificiales-1280x720ssssss-768x432.jpg 768w, https:\/\/wordpress.gamora.ar\/wp-content\/uploads\/2022\/08\/La_quimica_de_los_fuegos_artificiales-1280x720ssssss-850x478.jpg 850w, https:\/\/wordpress.gamora.ar\/wp-content\/uploads\/2022\/08\/La_quimica_de_los_fuegos_artificiales-1280x720ssssss.jpg 1280w\" sizes=\"(max-width: 640px) 100vw, 640px\" \/>\t\t\t\t\t\t\t\t\t\t\t\t\t<\/div>\n\t\t\t\t<\/div>\n\t\t\t\t\t<\/div>\n\t\t<\/div>\n\t\t\t\t\t<\/div>\n\t\t<\/section>\n\t\t\t\t<section class=\"elementor-section elementor-top-section elementor-element elementor-element-13870bb elementor-section-boxed elementor-section-height-default elementor-section-height-default\" data-id=\"13870bb\" data-element_type=\"section\">\n\t\t\t\t\t\t<div class=\"elementor-container elementor-column-gap-default\">\n\t\t\t\t\t<div class=\"elementor-column elementor-col-100 elementor-top-column elementor-element elementor-element-f196e99\" data-id=\"f196e99\" data-element_type=\"column\">\n\t\t\t<div class=\"elementor-widget-wrap elementor-element-populated\">\n\t\t\t\t\t\t<div class=\"elementor-element elementor-element-218e1b8 elementor-widget elementor-widget-heading\" data-id=\"218e1b8\" data-element_type=\"widget\" data-widget_type=\"heading.default\">\n\t\t\t\t<div class=\"elementor-widget-container\">\n\t\t\t<h4 class=\"elementor-heading-title elementor-size-default\">\u00bfQue esta pasando?<\/h4>\t\t<\/div>\n\t\t\t\t<\/div>\n\t\t\t\t\t<\/div>\n\t\t<\/div>\n\t\t\t\t\t<\/div>\n\t\t<\/section>\n\t\t\t\t<section class=\"elementor-section elementor-top-section elementor-element elementor-element-6801e46 elementor-section-boxed elementor-section-height-default elementor-section-height-default\" data-id=\"6801e46\" data-element_type=\"section\">\n\t\t\t\t\t\t<div class=\"elementor-container elementor-column-gap-default\">\n\t\t\t\t\t<div class=\"elementor-column elementor-col-25 elementor-top-column elementor-element elementor-element-2a8c753\" data-id=\"2a8c753\" data-element_type=\"column\">\n\t\t\t<div class=\"elementor-widget-wrap elementor-element-populated\">\n\t\t\t\t\t\t<div class=\"elementor-element elementor-element-db3f344 elementor-widget elementor-widget-image\" data-id=\"db3f344\" data-element_type=\"widget\" data-widget_type=\"image.default\">\n\t\t\t\t<div class=\"elementor-widget-container\">\n\t\t\t\t\t\t\t\t\t\t<figure class=\"wp-caption\">\n\t\t\t\t\t\t\t\t\t\t\t<a href=\"https:\/\/news.un.org\/es\/story\/2022\/08\/1512582\" target=\"_blank\">\n\t\t\t\t\t\t\t<img decoding=\"async\" width=\"640\" height=\"360\" src=\"https:\/\/wordpress.gamora.ar\/wp-content\/uploads\/2022\/08\/52269854296_df4aea0464_b.webp\" class=\"attachment-large size-large wp-image-1098\" alt=\"\" srcset=\"https:\/\/wordpress.gamora.ar\/wp-content\/uploads\/2022\/08\/52269854296_df4aea0464_b.webp 1024w, https:\/\/wordpress.gamora.ar\/wp-content\/uploads\/2022\/08\/52269854296_df4aea0464_b-300x169.webp 300w, https:\/\/wordpress.gamora.ar\/wp-content\/uploads\/2022\/08\/52269854296_df4aea0464_b-768x432.webp 768w\" sizes=\"(max-width: 640px) 100vw, 640px\" \/>\t\t\t\t\t\t\t\t<\/a>\n\t\t\t\t\t\t\t\t\t\t\t<figcaption class=\"widget-image-caption wp-caption-text\">Jirafas, loros y robles: algunas de las especies en peligro de extinci\u00f3n<\/figcaption>\n\t\t\t\t\t\t\t\t\t\t<\/figure>\n\t\t\t\t\t\t\t<\/div>\n\t\t\t\t<\/div>\n\t\t\t\t\t<\/div>\n\t\t<\/div>\n\t\t\t\t<div class=\"elementor-column elementor-col-25 elementor-top-column elementor-element elementor-element-92c607a\" data-id=\"92c607a\" data-element_type=\"column\">\n\t\t\t<div class=\"elementor-widget-wrap elementor-element-populated\">\n\t\t\t\t\t\t<div class=\"elementor-element elementor-element-d9cd3d8 elementor-widget elementor-widget-image\" data-id=\"d9cd3d8\" data-element_type=\"widget\" data-widget_type=\"image.default\">\n\t\t\t\t<div class=\"elementor-widget-container\">\n\t\t\t\t\t\t\t\t\t\t<figure class=\"wp-caption\">\n\t\t\t\t\t\t\t\t\t\t\t<a href=\"https:\/\/news.un.org\/es\/story\/2022\/08\/1512742\" target=\"_blank\">\n\t\t\t\t\t\t\t<img decoding=\"async\" width=\"640\" height=\"359\" src=\"https:\/\/wordpress.gamora.ar\/wp-content\/uploads\/2022\/08\/FM5PXAYW5BBP5ENDBABT5AB3IA.jpg\" class=\"attachment-large size-large wp-image-1100\" alt=\"\" srcset=\"https:\/\/wordpress.gamora.ar\/wp-content\/uploads\/2022\/08\/FM5PXAYW5BBP5ENDBABT5AB3IA.jpg 982w, https:\/\/wordpress.gamora.ar\/wp-content\/uploads\/2022\/08\/FM5PXAYW5BBP5ENDBABT5AB3IA-300x168.jpg 300w, https:\/\/wordpress.gamora.ar\/wp-content\/uploads\/2022\/08\/FM5PXAYW5BBP5ENDBABT5AB3IA-768x431.jpg 768w\" sizes=\"(max-width: 640px) 100vw, 640px\" \/>\t\t\t\t\t\t\t\t<\/a>\n\t\t\t\t\t\t\t\t\t\t\t<figcaption class=\"widget-image-caption wp-caption-text\">Temperaturas r\u00e9cord y an\u00f3malas, sequ\u00edas e incendios\u2026 julio de 2022, uno de los m\u00e1s c\u00e1lidos<\/figcaption>\n\t\t\t\t\t\t\t\t\t\t<\/figure>\n\t\t\t\t\t\t\t<\/div>\n\t\t\t\t<\/div>\n\t\t\t\t\t<\/div>\n\t\t<\/div>\n\t\t\t\t<div class=\"elementor-column elementor-col-25 elementor-top-column elementor-element elementor-element-6f43f1a\" data-id=\"6f43f1a\" data-element_type=\"column\">\n\t\t\t<div class=\"elementor-widget-wrap elementor-element-populated\">\n\t\t\t\t\t\t<div class=\"elementor-element elementor-element-c6425b5 elementor-widget elementor-widget-image\" data-id=\"c6425b5\" data-element_type=\"widget\" data-widget_type=\"image.default\">\n\t\t\t\t<div class=\"elementor-widget-container\">\n\t\t\t\t\t\t\t\t\t\t<figure class=\"wp-caption\">\n\t\t\t\t\t\t\t\t\t\t\t<a href=\"https:\/\/news.un.org\/es\/story\/2022\/08\/1512812\" target=\"_blank\">\n\t\t\t\t\t\t\t<img loading=\"lazy\" decoding=\"async\" width=\"640\" height=\"395\" src=\"https:\/\/wordpress.gamora.ar\/wp-content\/uploads\/2022\/08\/Deerfire.jpg\" class=\"attachment-large size-large wp-image-1107\" alt=\"\" srcset=\"https:\/\/wordpress.gamora.ar\/wp-content\/uploads\/2022\/08\/Deerfire.jpg 1023w, https:\/\/wordpress.gamora.ar\/wp-content\/uploads\/2022\/08\/Deerfire-300x185.jpg 300w, https:\/\/wordpress.gamora.ar\/wp-content\/uploads\/2022\/08\/Deerfire-768x474.jpg 768w\" sizes=\"(max-width: 640px) 100vw, 640px\" \/>\t\t\t\t\t\t\t\t<\/a>\n\t\t\t\t\t\t\t\t\t\t\t<figcaption class=\"widget-image-caption wp-caption-text\">Cambio clim\u00e1tico: tenemos que adaptar nuestros bosques frente a los incendios forestales<\/figcaption>\n\t\t\t\t\t\t\t\t\t\t<\/figure>\n\t\t\t\t\t\t\t<\/div>\n\t\t\t\t<\/div>\n\t\t\t\t\t<\/div>\n\t\t<\/div>\n\t\t\t\t<div class=\"elementor-column elementor-col-25 elementor-top-column elementor-element elementor-element-3cbdeb8\" data-id=\"3cbdeb8\" data-element_type=\"column\">\n\t\t\t<div class=\"elementor-widget-wrap elementor-element-populated\">\n\t\t\t\t\t\t<div class=\"elementor-element elementor-element-8e8d1a2 elementor-widget elementor-widget-image\" data-id=\"8e8d1a2\" data-element_type=\"widget\" data-widget_type=\"image.default\">\n\t\t\t\t<div class=\"elementor-widget-container\">\n\t\t\t\t\t\t\t\t\t\t<figure class=\"wp-caption\">\n\t\t\t\t\t\t\t\t\t\t\t<a href=\"https:\/\/news.un.org\/es\/story\/2022\/07\/1512082\" target=\"_blank\">\n\t\t\t\t\t\t\t<img loading=\"lazy\" decoding=\"async\" width=\"640\" height=\"349\" src=\"https:\/\/wordpress.gamora.ar\/wp-content\/uploads\/2022\/08\/image770x420cropped.jpg\" class=\"attachment-large size-large wp-image-1144\" alt=\"\" srcset=\"https:\/\/wordpress.gamora.ar\/wp-content\/uploads\/2022\/08\/image770x420cropped.jpg 770w, https:\/\/wordpress.gamora.ar\/wp-content\/uploads\/2022\/08\/image770x420cropped-300x164.jpg 300w, https:\/\/wordpress.gamora.ar\/wp-content\/uploads\/2022\/08\/image770x420cropped-768x419.jpg 768w\" sizes=\"(max-width: 640px) 100vw, 640px\" \/>\t\t\t\t\t\t\t\t<\/a>\n\t\t\t\t\t\t\t\t\t\t\t<figcaption class=\"widget-image-caption wp-caption-text\">\u00bfPor qu\u00e9 la Asamblea General de la ONU debe respaldar el derecho a un medio ambiente sano?<\/figcaption>\n\t\t\t\t\t\t\t\t\t\t<\/figure>\n\t\t\t\t\t\t\t<\/div>\n\t\t\t\t<\/div>\n\t\t\t\t\t<\/div>\n\t\t<\/div>\n\t\t\t\t\t<\/div>\n\t\t<\/section>\n\t\t\t\t<section class=\"elementor-section elementor-top-section elementor-element elementor-element-dffc6cd elementor-section-boxed elementor-section-height-default elementor-section-height-default\" data-id=\"dffc6cd\" data-element_type=\"section\">\n\t\t\t\t\t\t<div class=\"elementor-container elementor-column-gap-default\">\n\t\t\t\t\t<div class=\"elementor-column elementor-col-100 elementor-top-column elementor-element elementor-element-f82367a\" data-id=\"f82367a\" data-element_type=\"column\">\n\t\t\t<div class=\"elementor-widget-wrap elementor-element-populated\">\n\t\t\t\t\t\t<div class=\"elementor-element elementor-element-35ad7f2 elementor-widget elementor-widget-spacer\" data-id=\"35ad7f2\" data-element_type=\"widget\" data-widget_type=\"spacer.default\">\n\t\t\t\t<div class=\"elementor-widget-container\">\n\t\t\t<style>\/*! elementor - v3.21.0 - 18-04-2024 *\/\n.elementor-column .elementor-spacer-inner{height:var(--spacer-size)}.e-con{--container-widget-width:100%}.e-con-inner>.elementor-widget-spacer,.e-con>.elementor-widget-spacer{width:var(--container-widget-width,var(--spacer-size));--align-self:var(--container-widget-align-self,initial);--flex-shrink:0}.e-con-inner>.elementor-widget-spacer>.elementor-widget-container,.e-con>.elementor-widget-spacer>.elementor-widget-container{height:100%;width:100%}.e-con-inner>.elementor-widget-spacer>.elementor-widget-container>.elementor-spacer,.e-con>.elementor-widget-spacer>.elementor-widget-container>.elementor-spacer{height:100%}.e-con-inner>.elementor-widget-spacer>.elementor-widget-container>.elementor-spacer>.elementor-spacer-inner,.e-con>.elementor-widget-spacer>.elementor-widget-container>.elementor-spacer>.elementor-spacer-inner{height:var(--container-widget-height,var(--spacer-size))}.e-con-inner>.elementor-widget-spacer.elementor-widget-empty,.e-con>.elementor-widget-spacer.elementor-widget-empty{position:relative;min-height:22px;min-width:22px}.e-con-inner>.elementor-widget-spacer.elementor-widget-empty .elementor-widget-empty-icon,.e-con>.elementor-widget-spacer.elementor-widget-empty .elementor-widget-empty-icon{position:absolute;top:0;bottom:0;left:0;right:0;margin:auto;padding:0;width:22px;height:22px}<\/style>\t\t<div class=\"elementor-spacer\">\n\t\t\t<div class=\"elementor-spacer-inner\"><\/div>\n\t\t<\/div>\n\t\t\t\t<\/div>\n\t\t\t\t<\/div>\n\t\t\t\t<div class=\"elementor-element elementor-element-8a13079 elementor-widget elementor-widget-heading\" data-id=\"8a13079\" data-element_type=\"widget\" data-widget_type=\"heading.default\">\n\t\t\t\t<div class=\"elementor-widget-container\">\n\t\t\t<h4 class=\"elementor-heading-title elementor-size-default\">Objetivos de Desarrollo Sostenible (ODS)<\/h4>\t\t<\/div>\n\t\t\t\t<\/div>\n\t\t\t\t<div class=\"elementor-element elementor-element-934e7d6 elementor-arrows-position-inside elementor-pagination-position-outside elementor-widget elementor-widget-image-carousel\" data-id=\"934e7d6\" data-element_type=\"widget\" data-settings=\"{&quot;navigation&quot;:&quot;both&quot;,&quot;autoplay&quot;:&quot;yes&quot;,&quot;pause_on_hover&quot;:&quot;yes&quot;,&quot;pause_on_interaction&quot;:&quot;yes&quot;,&quot;autoplay_speed&quot;:5000,&quot;infinite&quot;:&quot;yes&quot;,&quot;speed&quot;:500}\" data-widget_type=\"image-carousel.default\">\n\t\t\t\t<div class=\"elementor-widget-container\">\n\t\t\t<style>\/*! elementor - v3.21.0 - 18-04-2024 *\/\n.elementor-widget-image-carousel .swiper,.elementor-widget-image-carousel .swiper-container{position:static}.elementor-widget-image-carousel .swiper-container .swiper-slide figure,.elementor-widget-image-carousel .swiper .swiper-slide figure{line-height:inherit}.elementor-widget-image-carousel .swiper-slide{text-align:center}.elementor-image-carousel-wrapper:not(.swiper-container-initialized):not(.swiper-initialized) .swiper-slide{max-width:calc(100% \/ var(--e-image-carousel-slides-to-show, 3))}<\/style>\t\t<div class=\"elementor-image-carousel-wrapper swiper\" dir=\"ltr\">\n\t\t\t<div class=\"elementor-image-carousel swiper-wrapper\" aria-live=\"off\">\n\t\t\t\t\t\t\t\t<div class=\"swiper-slide\" role=\"group\" aria-roledescription=\"slide\" aria-label=\"1 of 3\"><figure class=\"swiper-slide-inner\"><img decoding=\"async\" class=\"swiper-slide-image\" src=\"https:\/\/wordpress.gamora.ar\/wp-content\/uploads\/2022\/08\/Conocer-las-emisiones-de-gases-de-efecto-invernadero-que-se-generan-en-los-establecimientos-ganaderos-2.png\" alt=\"Conocer las emisiones de gases de efecto invernadero que se generan en los establecimientos ganaderos (2)\" \/><\/figure><\/div><div class=\"swiper-slide\" role=\"group\" aria-roledescription=\"slide\" aria-label=\"2 of 3\"><figure class=\"swiper-slide-inner\"><img decoding=\"async\" class=\"swiper-slide-image\" src=\"https:\/\/wordpress.gamora.ar\/wp-content\/uploads\/2022\/08\/Conocer-las-emisiones-de-gases-de-efecto-invernadero-que-se-generan-en-los-establecimientos-ganaderos-3.png\" alt=\"Conocer las emisiones de gases de efecto invernadero que se generan en los establecimientos ganaderos (3)\" \/><\/figure><\/div><div class=\"swiper-slide\" role=\"group\" aria-roledescription=\"slide\" aria-label=\"3 of 3\"><figure class=\"swiper-slide-inner\"><img decoding=\"async\" class=\"swiper-slide-image\" src=\"https:\/\/wordpress.gamora.ar\/wp-content\/uploads\/2022\/08\/Conocer-las-emisiones-de-gases-de-efecto-invernadero-que-se-generan-en-los-establecimientos-ganaderos-5.png\" alt=\"Conocer las emisiones de gases de efecto invernadero que se generan en los establecimientos ganaderos (5)\" \/><\/figure><\/div>\t\t\t<\/div>\n\t\t\t\t\t\t\t\t\t\t\t\t<div class=\"elementor-swiper-button elementor-swiper-button-prev\" role=\"button\" tabindex=\"0\">\n\t\t\t\t\t\t<i aria-hidden=\"true\" class=\"eicon-chevron-left\"><\/i>\t\t\t\t\t<\/div>\n\t\t\t\t\t<div class=\"elementor-swiper-button elementor-swiper-button-next\" role=\"button\" tabindex=\"0\">\n\t\t\t\t\t\t<i aria-hidden=\"true\" class=\"eicon-chevron-right\"><\/i>\t\t\t\t\t<\/div>\n\t\t\t\t\n\t\t\t\t\t\t\t\t\t<div class=\"swiper-pagination\"><\/div>\n\t\t\t\t\t\t\t\t\t<\/div>\n\t\t\t\t<\/div>\n\t\t\t\t<\/div>\n\t\t\t\t\t<\/div>\n\t\t<\/div>\n\t\t\t\t\t<\/div>\n\t\t<\/section>\n\t\t\t\t<\/div>\n\t\t","protected":false},"excerpt":{"rendered":"<p>Owl Track comienza!. \u00bfQue esta pasando? Jirafas, loros y robles: algunas de las especies en peligro de extinci\u00f3n Temperaturas r\u00e9cord y an\u00f3malas, sequ\u00edas e incendios\u2026 julio de 2022, uno de los m\u00e1s c\u00e1lidos Cambio clim\u00e1tico: tenemos que adaptar nuestros bosques frente a los incendios forestales \u00bfPor qu\u00e9 la Asamblea General de la ONU debe respaldar el derecho a un medio [&hellip;]<\/p>\n","protected":false},"author":1,"featured_media":0,"parent":0,"menu_order":0,"comment_status":"closed","ping_status":"closed","template":"","meta":{"footnotes":""},"class_list":["post-19","page","type-page","status-publish","hentry"],"yoast_head":"<!-- This site is optimized with the Yoast SEO plugin v26.2 - https:\/\/yoast.com\/wordpress\/plugins\/seo\/ -->\n<title>Noticias - Owl track<\/title>\n<meta name=\"robots\" content=\"index, follow, max-snippet:-1, max-image-preview:large, max-video-preview:-1\" \/>\n<link rel=\"canonical\" href=\"https:\/\/wordpress.gamora.ar\/?page_id=19\" \/>\n<meta property=\"og:locale\" content=\"es_ES\" \/>\n<meta property=\"og:type\" content=\"article\" \/>\n<meta property=\"og:title\" content=\"Noticias - Owl track\" \/>\n<meta property=\"og:description\" content=\"Owl Track comienza!. \u00bfQue esta pasando? Jirafas, loros y robles: algunas de las especies en peligro de extinci\u00f3n Temperaturas r\u00e9cord y an\u00f3malas, sequ\u00edas e incendios\u2026 julio de 2022, uno de los m\u00e1s c\u00e1lidos Cambio clim\u00e1tico: tenemos que adaptar nuestros bosques frente a los incendios forestales \u00bfPor qu\u00e9 la Asamblea General de la ONU debe respaldar el derecho a un medio [&hellip;]\" \/>\n<meta property=\"og:url\" content=\"https:\/\/wordpress.gamora.ar\/?page_id=19\" \/>\n<meta property=\"og:site_name\" content=\"Owl track\" \/>\n<meta property=\"article:modified_time\" content=\"2022-08-11T15:32:18+00:00\" \/>\n<meta property=\"og:image\" content=\"https:\/\/wordpress.gamora.ar\/wp-content\/uploads\/2022\/08\/La_quimica_de_los_fuegos_artificiales-1280x720ssssss-1024x576.jpg\" \/>\n<meta name=\"twitter:card\" content=\"summary_large_image\" \/>\n<meta name=\"twitter:label1\" content=\"Tiempo de lectura\" \/>\n\t<meta name=\"twitter:data1\" content=\"4 minutos\" \/>\n<script type=\"application\/ld+json\" class=\"yoast-schema-graph\">{\"@context\":\"https:\/\/schema.org\",\"@graph\":[{\"@type\":\"WebPage\",\"@id\":\"https:\/\/wordpress.gamora.ar\/?page_id=19\",\"url\":\"https:\/\/wordpress.gamora.ar\/?page_id=19\",\"name\":\"Noticias - Owl track\",\"isPartOf\":{\"@id\":\"https:\/\/wordpress.gamora.ar\/#website\"},\"primaryImageOfPage\":{\"@id\":\"https:\/\/wordpress.gamora.ar\/?page_id=19#primaryimage\"},\"image\":{\"@id\":\"https:\/\/wordpress.gamora.ar\/?page_id=19#primaryimage\"},\"thumbnailUrl\":\"https:\/\/wordpress.gamora.ar\/wp-content\/uploads\/2022\/08\/La_quimica_de_los_fuegos_artificiales-1280x720ssssss-1024x576.jpg\",\"datePublished\":\"2022-07-27T21:14:34+00:00\",\"dateModified\":\"2022-08-11T15:32:18+00:00\",\"breadcrumb\":{\"@id\":\"https:\/\/wordpress.gamora.ar\/?page_id=19#breadcrumb\"},\"inLanguage\":\"es-AR\",\"potentialAction\":[{\"@type\":\"ReadAction\",\"target\":[\"https:\/\/wordpress.gamora.ar\/?page_id=19\"]}]},{\"@type\":\"ImageObject\",\"inLanguage\":\"es-AR\",\"@id\":\"https:\/\/wordpress.gamora.ar\/?page_id=19#primaryimage\",\"url\":\"https:\/\/wordpress.gamora.ar\/wp-content\/uploads\/2022\/08\/La_quimica_de_los_fuegos_artificiales-1280x720ssssss.jpg\",\"contentUrl\":\"https:\/\/wordpress.gamora.ar\/wp-content\/uploads\/2022\/08\/La_quimica_de_los_fuegos_artificiales-1280x720ssssss.jpg\",\"width\":1280,\"height\":720},{\"@type\":\"BreadcrumbList\",\"@id\":\"https:\/\/wordpress.gamora.ar\/?page_id=19#breadcrumb\",\"itemListElement\":[{\"@type\":\"ListItem\",\"position\":1,\"name\":\"Inicio\",\"item\":\"https:\/\/wordpress.gamora.ar\/\"},{\"@type\":\"ListItem\",\"position\":2,\"name\":\"Noticias\"}]},{\"@type\":\"WebSite\",\"@id\":\"https:\/\/wordpress.gamora.ar\/#website\",\"url\":\"https:\/\/wordpress.gamora.ar\/\",\"name\":\"Owl track\",\"description\":\"\",\"publisher\":{\"@id\":\"https:\/\/wordpress.gamora.ar\/#organization\"},\"potentialAction\":[{\"@type\":\"SearchAction\",\"target\":{\"@type\":\"EntryPoint\",\"urlTemplate\":\"https:\/\/wordpress.gamora.ar\/?s={search_term_string}\"},\"query-input\":{\"@type\":\"PropertyValueSpecification\",\"valueRequired\":true,\"valueName\":\"search_term_string\"}}],\"inLanguage\":\"es-AR\"},{\"@type\":\"Organization\",\"@id\":\"https:\/\/wordpress.gamora.ar\/#organization\",\"name\":\"Owl track\",\"url\":\"https:\/\/wordpress.gamora.ar\/\",\"logo\":{\"@type\":\"ImageObject\",\"inLanguage\":\"es-AR\",\"@id\":\"https:\/\/wordpress.gamora.ar\/#\/schema\/logo\/image\/\",\"url\":\"https:\/\/wordpress.gamora.ar\/wp-content\/uploads\/2022\/08\/cropped-cropped-1670-582-max.png\",\"contentUrl\":\"https:\/\/wordpress.gamora.ar\/wp-content\/uploads\/2022\/08\/cropped-cropped-1670-582-max.png\",\"width\":582,\"height\":582,\"caption\":\"Owl track\"},\"image\":{\"@id\":\"https:\/\/wordpress.gamora.ar\/#\/schema\/logo\/image\/\"}}]}<\/script>\n<!-- \/ Yoast SEO plugin. -->","yoast_head_json":{"title":"Noticias - Owl track","robots":{"index":"index","follow":"follow","max-snippet":"max-snippet:-1","max-image-preview":"max-image-preview:large","max-video-preview":"max-video-preview:-1"},"canonical":"https:\/\/wordpress.gamora.ar\/?page_id=19","og_locale":"es_ES","og_type":"article","og_title":"Noticias - Owl track","og_description":"Owl Track comienza!. \u00bfQue esta pasando? Jirafas, loros y robles: algunas de las especies en peligro de extinci\u00f3n Temperaturas r\u00e9cord y an\u00f3malas, sequ\u00edas e incendios\u2026 julio de 2022, uno de los m\u00e1s c\u00e1lidos Cambio clim\u00e1tico: tenemos que adaptar nuestros bosques frente a los incendios forestales \u00bfPor qu\u00e9 la Asamblea General de la ONU debe respaldar el derecho a un medio [&hellip;]","og_url":"https:\/\/wordpress.gamora.ar\/?page_id=19","og_site_name":"Owl track","article_modified_time":"2022-08-11T15:32:18+00:00","og_image":[{"url":"https:\/\/wordpress.gamora.ar\/wp-content\/uploads\/2022\/08\/La_quimica_de_los_fuegos_artificiales-1280x720ssssss-1024x576.jpg","type":"","width":"","height":""}],"twitter_card":"summary_large_image","twitter_misc":{"Tiempo de lectura":"4 minutos"},"schema":{"@context":"https:\/\/schema.org","@graph":[{"@type":"WebPage","@id":"https:\/\/wordpress.gamora.ar\/?page_id=19","url":"https:\/\/wordpress.gamora.ar\/?page_id=19","name":"Noticias - Owl track","isPartOf":{"@id":"https:\/\/wordpress.gamora.ar\/#website"},"primaryImageOfPage":{"@id":"https:\/\/wordpress.gamora.ar\/?page_id=19#primaryimage"},"image":{"@id":"https:\/\/wordpress.gamora.ar\/?page_id=19#primaryimage"},"thumbnailUrl":"https:\/\/wordpress.gamora.ar\/wp-content\/uploads\/2022\/08\/La_quimica_de_los_fuegos_artificiales-1280x720ssssss-1024x576.jpg","datePublished":"2022-07-27T21:14:34+00:00","dateModified":"2022-08-11T15:32:18+00:00","breadcrumb":{"@id":"https:\/\/wordpress.gamora.ar\/?page_id=19#breadcrumb"},"inLanguage":"es-AR","potentialAction":[{"@type":"ReadAction","target":["https:\/\/wordpress.gamora.ar\/?page_id=19"]}]},{"@type":"ImageObject","inLanguage":"es-AR","@id":"https:\/\/wordpress.gamora.ar\/?page_id=19#primaryimage","url":"https:\/\/wordpress.gamora.ar\/wp-content\/uploads\/2022\/08\/La_quimica_de_los_fuegos_artificiales-1280x720ssssss.jpg","contentUrl":"https:\/\/wordpress.gamora.ar\/wp-content\/uploads\/2022\/08\/La_quimica_de_los_fuegos_artificiales-1280x720ssssss.jpg","width":1280,"height":720},{"@type":"BreadcrumbList","@id":"https:\/\/wordpress.gamora.ar\/?page_id=19#breadcrumb","itemListElement":[{"@type":"ListItem","position":1,"name":"Inicio","item":"https:\/\/wordpress.gamora.ar\/"},{"@type":"ListItem","position":2,"name":"Noticias"}]},{"@type":"WebSite","@id":"https:\/\/wordpress.gamora.ar\/#website","url":"https:\/\/wordpress.gamora.ar\/","name":"Owl track","description":"","publisher":{"@id":"https:\/\/wordpress.gamora.ar\/#organization"},"potentialAction":[{"@type":"SearchAction","target":{"@type":"EntryPoint","urlTemplate":"https:\/\/wordpress.gamora.ar\/?s={search_term_string}"},"query-input":{"@type":"PropertyValueSpecification","valueRequired":true,"valueName":"search_term_string"}}],"inLanguage":"es-AR"},{"@type":"Organization","@id":"https:\/\/wordpress.gamora.ar\/#organization","name":"Owl track","url":"https:\/\/wordpress.gamora.ar\/","logo":{"@type":"ImageObject","inLanguage":"es-AR","@id":"https:\/\/wordpress.gamora.ar\/#\/schema\/logo\/image\/","url":"https:\/\/wordpress.gamora.ar\/wp-content\/uploads\/2022\/08\/cropped-cropped-1670-582-max.png","contentUrl":"https:\/\/wordpress.gamora.ar\/wp-content\/uploads\/2022\/08\/cropped-cropped-1670-582-max.png","width":582,"height":582,"caption":"Owl track"},"image":{"@id":"https:\/\/wordpress.gamora.ar\/#\/schema\/logo\/image\/"}}]}},"_links":{"self":[{"href":"https:\/\/wordpress.gamora.ar\/index.php?rest_route=\/wp\/v2\/pages\/19","targetHints":{"allow":["GET"]}}],"collection":[{"href":"https:\/\/wordpress.gamora.ar\/index.php?rest_route=\/wp\/v2\/pages"}],"about":[{"href":"https:\/\/wordpress.gamora.ar\/index.php?rest_route=\/wp\/v2\/types\/page"}],"author":[{"embeddable":true,"href":"https:\/\/wordpress.gamora.ar\/index.php?rest_route=\/wp\/v2\/users\/1"}],"replies":[{"embeddable":true,"href":"https:\/\/wordpress.gamora.ar\/index.php?rest_route=%2Fwp%2Fv2%2Fcomments&post=19"}],"version-history":[{"count":92,"href":"https:\/\/wordpress.gamora.ar\/index.php?rest_route=\/wp\/v2\/pages\/19\/revisions"}],"predecessor-version":[{"id":1150,"href":"https:\/\/wordpress.gamora.ar\/index.php?rest_route=\/wp\/v2\/pages\/19\/revisions\/1150"}],"wp:attachment":[{"href":"https:\/\/wordpress.gamora.ar\/index.php?rest_route=%2Fwp%2Fv2%2Fmedia&parent=19"}],"curies":[{"name":"wp","href":"https:\/\/api.w.org\/{rel}","templated":true}]}}